{"id":318,"date":"2022-05-10T11:22:48","date_gmt":"2022-05-10T11:22:48","guid":{"rendered":"https:\/\/artenataliabanega.com.uy\/arte\/?page_id=318"},"modified":"2023-10-17T03:38:50","modified_gmt":"2023-10-17T03:38:50","slug":"contacto-ventas","status":"publish","type":"page","link":"https:\/\/artenataliabanega.com.uy\/arte\/contacto-ventas\/","title":{"rendered":"Contacto &#8211; ventas"},"content":{"rendered":"\n<p><strong>S<\/strong>i te interesa contactarte para conocer m\u00e1s sobre mis trabajos, realizar consultas sobre talleres o deseas adquirir una de mis obras, completa este formulario que con gusto te responder\u00e9.<\/p>\n\n\n\n<p>Tambi\u00e9n puedes enviar un correo electr\u00f3nico a esta direcci\u00f3n: <strong>contacto@artenataliabanega.com.uy<\/strong><\/p>\n\n\n\n<div class=\"wp-block-contact-form-7-contact-form-selector\">\n<div class=\"wpcf7 no-js\" id=\"wpcf7-f658-o1\" lang=\"es-ES\" dir=\"ltr\" data-wpcf7-id=\"658\">\n<div class=\"screen-reader-response\"><p role=\"status\" aria-live=\"polite\" aria-atomic=\"true\"><\/p> <ul><\/ul><\/div>\n<form action=\"\/arte\/wp-json\/wp\/v2\/pages\/318#wpcf7-f658-o1\" method=\"post\" class=\"wpcf7-form init\" aria-label=\"Formulario de contacto\" novalidate=\"novalidate\" data-status=\"init\">\n<fieldset class=\"hidden-fields-container\"><input type=\"hidden\" name=\"_wpcf7\" value=\"658\" \/><input type=\"hidden\" name=\"_wpcf7_version\" value=\"6.1.3\" \/><input type=\"hidden\" name=\"_wpcf7_locale\" value=\"es_ES\" \/><input type=\"hidden\" name=\"_wpcf7_unit_tag\" value=\"wpcf7-f658-o1\" \/><input type=\"hidden\" name=\"_wpcf7_container_post\" value=\"0\" \/><input type=\"hidden\" name=\"_wpcf7_posted_data_hash\" value=\"\" \/>\n<\/fieldset>\n<p><label> Tu nombre<br \/>\n<span class=\"wpcf7-form-control-wrap\" data-name=\"your-name\"><input size=\"40\" maxlength=\"400\" class=\"wpcf7-form-control wpcf7-text wpcf7-validates-as-required\" autocomplete=\"name\" aria-required=\"true\" aria-invalid=\"false\" value=\"\" type=\"text\" name=\"your-name\" \/><\/span> <\/label>\n<\/p>\n<p><label> Tu correo electr\u00f3nico<br \/>\n<span class=\"wpcf7-form-control-wrap\" data-name=\"your-email\"><input size=\"40\" maxlength=\"400\" class=\"wpcf7-form-control wpcf7-email wpcf7-validates-as-required wpcf7-text wpcf7-validates-as-email\" autocomplete=\"email\" aria-required=\"true\" aria-invalid=\"false\" value=\"\" type=\"email\" name=\"your-email\" \/><\/span> <\/label>\n<\/p>\n<p><label> Asunto<br \/>\n<span class=\"wpcf7-form-control-wrap\" data-name=\"your-subject\"><input size=\"40\" maxlength=\"400\" class=\"wpcf7-form-control wpcf7-text wpcf7-validates-as-required\" aria-required=\"true\" aria-invalid=\"false\" value=\"\" type=\"text\" name=\"your-subject\" \/><\/span> <\/label>\n<\/p>\n<p><label> Tu mensaje (opcional)<br \/>\n<span class=\"wpcf7-form-control-wrap\" data-name=\"your-message\"><textarea cols=\"40\" rows=\"10\" maxlength=\"2000\" class=\"wpcf7-form-control wpcf7-textarea\" aria-invalid=\"false\" name=\"your-message\"><\/textarea><\/span> <\/label>\n<\/p>\n<p><input class=\"wpcf7-form-control wpcf7-submit has-spinner\" type=\"submit\" value=\"Enviar\" \/>\n<\/p><p style=\"display: none !important;\" class=\"akismet-fields-container\" data-prefix=\"_wpcf7_ak_\"><label>&#916;<textarea name=\"_wpcf7_ak_hp_textarea\" cols=\"45\" rows=\"8\" maxlength=\"100\"><\/textarea><\/label><input type=\"hidden\" id=\"ak_js_1\" name=\"_wpcf7_ak_js\" value=\"112\"\/><script type=\"text\/javascript\">\n\/* <![CDATA[ *\/\ndocument.getElementById( \"ak_js_1\" ).setAttribute( \"value\", ( new Date() ).getTime() );\n\/* ]]> *\/\n<\/script>\n<\/p><div class=\"wpcf7-response-output\" aria-hidden=\"true\"><\/div>\n<\/form>\n<\/div>\n<\/div>\n","protected":false},"excerpt":{"rendered":"<p>Si te interesa contactarte para conocer m\u00e1s sobre mis trabajos, realizar consultas sobre talleres o deseas adquirir una de mis obras, completa este formulario que con gusto te responder\u00e9. Tambi\u00e9n puedes enviar un correo electr\u00f3nico a esta direcci\u00f3n: contacto@artenataliabanega.com.uy<\/p>\n","protected":false},"author":1,"featured_media":0,"parent":0,"menu_order":0,"comment_status":"closed","ping_status":"closed","template":"","meta":{"footnotes":""},"class_list":["post-318","page","type-page","status-publish","hentry"],"_links":{"self":[{"href":"https:\/\/artenataliabanega.com.uy\/arte\/wp-json\/wp\/v2\/pages\/318","targetHints":{"allow":["GET"]}}],"collection":[{"href":"https:\/\/artenataliabanega.com.uy\/arte\/wp-json\/wp\/v2\/pages"}],"about":[{"href":"https:\/\/artenataliabanega.com.uy\/arte\/wp-json\/wp\/v2\/types\/page"}],"author":[{"embeddable":true,"href":"https:\/\/artenataliabanega.com.uy\/arte\/wp-json\/wp\/v2\/users\/1"}],"replies":[{"embeddable":true,"href":"https:\/\/artenataliabanega.com.uy\/arte\/wp-json\/wp\/v2\/comments?post=318"}],"version-history":[{"count":8,"href":"https:\/\/artenataliabanega.com.uy\/arte\/wp-json\/wp\/v2\/pages\/318\/revisions"}],"predecessor-version":[{"id":728,"href":"https:\/\/artenataliabanega.com.uy\/arte\/wp-json\/wp\/v2\/pages\/318\/revisions\/728"}],"wp:attachment":[{"href":"https:\/\/artenataliabanega.com.uy\/arte\/wp-json\/wp\/v2\/media?parent=318"}],"curies":[{"name":"wp","href":"https:\/\/api.w.org\/{rel}","templated":true}]}}